{"id":1997,"date":"2019-05-14T12:35:27","date_gmt":"2019-05-14T12:35:27","guid":{"rendered":"https:\/\/colibriwp-work.colibriwp.com\/political-candidate\/?page_id=2"},"modified":"2023-10-27T09:08:46","modified_gmt":"2023-10-27T12:08:46","slug":"sobre-cristal","status":"publish","type":"page","link":"https:\/\/industriacristal.com.br\/?page_id=1997","title":{"rendered":"Sobre"},"content":{"rendered":"<div data-colibri-id=\"1997-c1\" class=\"style-945 style-local-1997-c1 position-relative\">\n  <!---->\n  <div data-colibri-component=\"section\" data-colibri-id=\"1997-c2\" id=\"about\" class=\"h-section h-section-global-spacing d-flex align-items-lg-center align-items-md-center align-items-center style-946 style-local-1997-c2 position-relative\">\n    <!---->\n    <!---->\n    <div class=\"h-section-grid-container h-section-boxed-container\">\n      <!---->\n      <div data-colibri-id=\"1997-c3\" class=\"h-row-container gutters-row-lg-0 gutters-row-md-0 gutters-row-0 gutters-row-v-lg-0 gutters-row-v-md-0 gutters-row-v-0 style-947 style-local-1997-c3 position-relative\">\n        <!---->\n        <div class=\"h-row justify-content-lg-center justify-content-md-center justify-content-center align-items-lg-stretch align-items-md-stretch align-items-stretch gutters-col-lg-0 gutters-col-md-0 gutters-col-0 gutters-col-v-lg-0 gutters-col-v-md-0 gutters-col-v-0\">\n          <!---->\n          <div class=\"h-column h-column-container d-flex h-col-lg-6 h-col-md-6 h-col-12 style-948-outer style-local-1997-c4-outer\">\n            <div data-colibri-id=\"1997-c4\" class=\"d-flex h-flex-basis h-column__inner h-px-lg-0 h-px-md-0 h-px-0 v-inner-lg-0 v-inner-md-0 v-inner-0 style-948 style-local-1997-c4 position-relative\">\n              <!---->\n              <!---->\n              <div class=\"w-100 h-y-container h-column__content h-column__v-align flex-basis-100 align-self-lg-start align-self-md-start align-self-start\">\n                <!---->\n                <div data-colibri-id=\"1997-c5\" class=\"h-global-transition-all h-heading style-949 style-local-1997-c5 position-relative h-element\">\n                  <!---->\n                  <div class=\"h-heading__outer style-949 style-local-1997-c5\">\n                    <!---->\n                    <!---->\n                    <h5 class=\"\"><span style=\"color: rgb(25, 119, 230);\">SOBRE N\u00d3S<\/span><\/h5>\n                  <\/div>\n                <\/div>\n                <div data-colibri-id=\"1997-c6\" class=\"h-global-transition-all h-heading style-950 style-local-1997-c6 position-relative h-element\">\n                  <!---->\n                  <div class=\"h-heading__outer style-950 style-local-1997-c6\">\n                    <!---->\n                    <!---->\n                    <h3 class=\"\"><span style=\"color: rgb(250, 253, 255);\">Cristal T\u00eaxtil Industrial Ltda, empresa brasileira, criada h\u00e1 quase 8 d\u00e9cadas possui em seu DNA a busca por desenvolvimento tecnol\u00f3gico, visando sempre oferecer o que de mais moderno possa existir no ramo t\u00eaxtil.<\/span><\/h3>\n                  <\/div>\n                <\/div>\n                <div data-colibri-id=\"1997-c7\" class=\"h-text h-text-component style-951 style-local-1997-c7 position-relative h-element\">\n                  <!---->\n                  <!---->\n                  <div class=\"\">\n                    <p><strong style=\"font-weight: 300; font-size: 20px; font-family: Arimo; color: rgb(248, 249, 250);\">Fabricantes de produtos desde 1946 oferecendo produtos de qualidade para todo o Brasil, encontre aqui no nosso site o produto desejado e fale com nossas atendentes.<\/strong><\/p>\n                    <p><strong style=\"color: rgb(249, 252, 254);\">Atualmente fornecemos Refor\u00e7o de Lomabada para livros,<\/strong><\/p>\n                    <p>\n                      <br>\n                    <\/p>\n                  <\/div>\n                <\/div>\n              <\/div>\n            <\/div>\n          <\/div>\n          <div class=\"h-column h-column-container d-flex h-col-lg-6 h-col-md-6 h-col-12 style-952-outer style-local-1997-c8-outer\">\n            <div data-colibri-id=\"1997-c8\" class=\"d-flex h-flex-basis h-column__inner h-ui-empty-state-container h-px-lg-2 h-px-md-2 h-px-2 v-inner-lg-2 v-inner-md-2 v-inner-2 style-952 style-local-1997-c8 position-relative\">\n              <!---->\n              <!---->\n              <div class=\"w-100 h-y-container h-column__content h-column__v-align flex-basis-100\">\n                <!---->\n              <\/div>\n            <\/div>\n          <\/div>\n        <\/div>\n      <\/div>\n    <\/div>\n  <\/div>\n<\/div>","protected":false},"excerpt":{"rendered":"<p>SOBRE N\u00d3S Cristal T\u00eaxtil Industrial Ltda, empresa brasileira, criada h\u00e1 quase 8 d\u00e9cadas possui em seu DNA a busca por desenvolvimento tecnol\u00f3gico, visando sempre oferecer o que de mais moderno possa existir no ramo t\u00eaxtil. Fabricantes de produtos desde 1946 oferecendo produtos de qualidade para todo o Brasil, encontre aqui no nosso site o produto [&hellip;]<\/p>\n","protected":false},"author":1,"featured_media":0,"parent":0,"menu_order":0,"comment_status":"closed","ping_status":"open","template":"page-templates\/full-width-page.php","meta":{"footnotes":""},"class_list":["post-1997","page","type-page","status-publish","hentry"],"yoast_head":"<!-- This site is optimized with the Yoast SEO plugin v27.5 - https:\/\/yoast.com\/product\/yoast-seo-wordpress\/ -->\n<title>Sobre - Cristal Textil Industrial<\/title>\n<meta name=\"description\" content=\"Sobre a Cristal, fabricantes de produtos desde 1946 oferecendo produtos de qualidade para todo o Brasil, encontre aqui no nosso site o produto desejado e\" \/>\n<meta name=\"robots\" content=\"index, follow, max-snippet:-1, max-image-preview:large, max-video-preview:-1\" \/>\n<link rel=\"canonical\" href=\"https:\/\/industriacristal.com.br\/?page_id=1997\" \/>\n<meta property=\"og:locale\" content=\"pt_BR\" \/>\n<meta property=\"og:type\" content=\"article\" \/>\n<meta property=\"og:title\" content=\"Sobre - Cristal Textil Industrial\" \/>\n<meta property=\"og:description\" content=\"Sobre a Cristal, fabricantes de produtos desde 1946 oferecendo produtos de qualidade para todo o Brasil, encontre aqui no nosso site o produto desejado e\" \/>\n<meta property=\"og:url\" content=\"https:\/\/industriacristal.com.br\/?page_id=1997\" \/>\n<meta property=\"og:site_name\" content=\"Cristal Textil Industrial\" \/>\n<meta property=\"article:modified_time\" content=\"2023-10-27T12:08:46+00:00\" \/>\n<meta name=\"twitter:card\" content=\"summary_large_image\" \/>\n<script type=\"application\/ld+json\" class=\"yoast-schema-graph\">{\"@context\":\"https:\\\/\\\/schema.org\",\"@graph\":[{\"@type\":\"WebPage\",\"@id\":\"https:\\\/\\\/industriacristal.com.br\\\/?page_id=1997\",\"url\":\"https:\\\/\\\/industriacristal.com.br\\\/?page_id=1997\",\"name\":\"Sobre - Cristal Textil Industrial\",\"isPartOf\":{\"@id\":\"https:\\\/\\\/industriacristal.com.br\\\/#website\"},\"datePublished\":\"2019-05-14T12:35:27+00:00\",\"dateModified\":\"2023-10-27T12:08:46+00:00\",\"description\":\"Sobre a Cristal, fabricantes de produtos desde 1946 oferecendo produtos de qualidade para todo o Brasil, encontre aqui no nosso site o produto desejado e\",\"breadcrumb\":{\"@id\":\"https:\\\/\\\/industriacristal.com.br\\\/?page_id=1997#breadcrumb\"},\"inLanguage\":\"pt-BR\",\"potentialAction\":[{\"@type\":\"ReadAction\",\"target\":[\"https:\\\/\\\/industriacristal.com.br\\\/?page_id=1997\"]}]},{\"@type\":\"BreadcrumbList\",\"@id\":\"https:\\\/\\\/industriacristal.com.br\\\/?page_id=1997#breadcrumb\",\"itemListElement\":[{\"@type\":\"ListItem\",\"position\":1,\"name\":\"In\u00edcio\",\"item\":\"https:\\\/\\\/industriacristal.com.br\\\/\"},{\"@type\":\"ListItem\",\"position\":2,\"name\":\"Sobre\"}]},{\"@type\":\"WebSite\",\"@id\":\"https:\\\/\\\/industriacristal.com.br\\\/#website\",\"url\":\"https:\\\/\\\/industriacristal.com.br\\\/\",\"name\":\"Cristal Textil Industrial\",\"description\":\"Fabricantes de produtos desde 1946\",\"publisher\":{\"@id\":\"https:\\\/\\\/industriacristal.com.br\\\/#organization\"},\"potentialAction\":[{\"@type\":\"SearchAction\",\"target\":{\"@type\":\"EntryPoint\",\"urlTemplate\":\"https:\\\/\\\/industriacristal.com.br\\\/?s={search_term_string}\"},\"query-input\":{\"@type\":\"PropertyValueSpecification\",\"valueRequired\":true,\"valueName\":\"search_term_string\"}}],\"inLanguage\":\"pt-BR\"},{\"@type\":\"Organization\",\"@id\":\"https:\\\/\\\/industriacristal.com.br\\\/#organization\",\"name\":\"Cristal Textil Industrial\",\"url\":\"https:\\\/\\\/industriacristal.com.br\\\/\",\"logo\":{\"@type\":\"ImageObject\",\"inLanguage\":\"pt-BR\",\"@id\":\"https:\\\/\\\/industriacristal.com.br\\\/#\\\/schema\\\/logo\\\/image\\\/\",\"url\":\"https:\\\/\\\/industriacristal.com.br\\\/wp-content\\\/uploads\\\/2022\\\/10\\\/logo-cristal.png\",\"contentUrl\":\"https:\\\/\\\/industriacristal.com.br\\\/wp-content\\\/uploads\\\/2022\\\/10\\\/logo-cristal.png\",\"width\":800,\"height\":800,\"caption\":\"Cristal Textil Industrial\"},\"image\":{\"@id\":\"https:\\\/\\\/industriacristal.com.br\\\/#\\\/schema\\\/logo\\\/image\\\/\"}}]}<\/script>\n<!-- \/ Yoast SEO plugin. -->","yoast_head_json":{"title":"Sobre - Cristal Textil Industrial","description":"Sobre a Cristal, fabricantes de produtos desde 1946 oferecendo produtos de qualidade para todo o Brasil, encontre aqui no nosso site o produto desejado e","robots":{"index":"index","follow":"follow","max-snippet":"max-snippet:-1","max-image-preview":"max-image-preview:large","max-video-preview":"max-video-preview:-1"},"canonical":"https:\/\/industriacristal.com.br\/?page_id=1997","og_locale":"pt_BR","og_type":"article","og_title":"Sobre - Cristal Textil Industrial","og_description":"Sobre a Cristal, fabricantes de produtos desde 1946 oferecendo produtos de qualidade para todo o Brasil, encontre aqui no nosso site o produto desejado e","og_url":"https:\/\/industriacristal.com.br\/?page_id=1997","og_site_name":"Cristal Textil Industrial","article_modified_time":"2023-10-27T12:08:46+00:00","twitter_card":"summary_large_image","schema":{"@context":"https:\/\/schema.org","@graph":[{"@type":"WebPage","@id":"https:\/\/industriacristal.com.br\/?page_id=1997","url":"https:\/\/industriacristal.com.br\/?page_id=1997","name":"Sobre - Cristal Textil Industrial","isPartOf":{"@id":"https:\/\/industriacristal.com.br\/#website"},"datePublished":"2019-05-14T12:35:27+00:00","dateModified":"2023-10-27T12:08:46+00:00","description":"Sobre a Cristal, fabricantes de produtos desde 1946 oferecendo produtos de qualidade para todo o Brasil, encontre aqui no nosso site o produto desejado e","breadcrumb":{"@id":"https:\/\/industriacristal.com.br\/?page_id=1997#breadcrumb"},"inLanguage":"pt-BR","potentialAction":[{"@type":"ReadAction","target":["https:\/\/industriacristal.com.br\/?page_id=1997"]}]},{"@type":"BreadcrumbList","@id":"https:\/\/industriacristal.com.br\/?page_id=1997#breadcrumb","itemListElement":[{"@type":"ListItem","position":1,"name":"In\u00edcio","item":"https:\/\/industriacristal.com.br\/"},{"@type":"ListItem","position":2,"name":"Sobre"}]},{"@type":"WebSite","@id":"https:\/\/industriacristal.com.br\/#website","url":"https:\/\/industriacristal.com.br\/","name":"Cristal Textil Industrial","description":"Fabricantes de produtos desde 1946","publisher":{"@id":"https:\/\/industriacristal.com.br\/#organization"},"potentialAction":[{"@type":"SearchAction","target":{"@type":"EntryPoint","urlTemplate":"https:\/\/industriacristal.com.br\/?s={search_term_string}"},"query-input":{"@type":"PropertyValueSpecification","valueRequired":true,"valueName":"search_term_string"}}],"inLanguage":"pt-BR"},{"@type":"Organization","@id":"https:\/\/industriacristal.com.br\/#organization","name":"Cristal Textil Industrial","url":"https:\/\/industriacristal.com.br\/","logo":{"@type":"ImageObject","inLanguage":"pt-BR","@id":"https:\/\/industriacristal.com.br\/#\/schema\/logo\/image\/","url":"https:\/\/industriacristal.com.br\/wp-content\/uploads\/2022\/10\/logo-cristal.png","contentUrl":"https:\/\/industriacristal.com.br\/wp-content\/uploads\/2022\/10\/logo-cristal.png","width":800,"height":800,"caption":"Cristal Textil Industrial"},"image":{"@id":"https:\/\/industriacristal.com.br\/#\/schema\/logo\/image\/"}}]}},"_links":{"self":[{"href":"https:\/\/industriacristal.com.br\/index.php?rest_route=\/wp\/v2\/pages\/1997","targetHints":{"allow":["GET"]}}],"collection":[{"href":"https:\/\/industriacristal.com.br\/index.php?rest_route=\/wp\/v2\/pages"}],"about":[{"href":"https:\/\/industriacristal.com.br\/index.php?rest_route=\/wp\/v2\/types\/page"}],"author":[{"embeddable":true,"href":"https:\/\/industriacristal.com.br\/index.php?rest_route=\/wp\/v2\/users\/1"}],"replies":[{"embeddable":true,"href":"https:\/\/industriacristal.com.br\/index.php?rest_route=%2Fwp%2Fv2%2Fcomments&post=1997"}],"version-history":[{"count":8,"href":"https:\/\/industriacristal.com.br\/index.php?rest_route=\/wp\/v2\/pages\/1997\/revisions"}],"predecessor-version":[{"id":2749,"href":"https:\/\/industriacristal.com.br\/index.php?rest_route=\/wp\/v2\/pages\/1997\/revisions\/2749"}],"wp:attachment":[{"href":"https:\/\/industriacristal.com.br\/index.php?rest_route=%2Fwp%2Fv2%2Fmedia&parent=1997"}],"curies":[{"name":"wp","href":"https:\/\/api.w.org\/{rel}","templated":true}]}}