{"id":2942,"date":"2025-09-12T10:18:58","date_gmt":"2025-09-12T13:18:58","guid":{"rendered":"https:\/\/industriacristal.com.br\/?page_id=2942"},"modified":"2025-09-12T15:53:52","modified_gmt":"2025-09-12T18:53:52","slug":"punhos-para-uniforme","status":"publish","type":"page","link":"https:\/\/industriacristal.com.br\/?page_id=2942","title":{"rendered":"Punhos para uniforme"},"content":{"rendered":"<div data-colibri-id=\"2942-c1\" class=\"style-1001 style-local-2942-c1 position-relative\">\n  <!---->\n  <div data-colibri-component=\"section\" data-colibri-id=\"2942-c14\" id=\"punho-para-uniforme\" class=\"h-section h-section-global-spacing d-flex align-items-lg-center align-items-md-center align-items-center style-1027 style-local-2942-c14 position-relative\">\n    <div class=\"background-wrapper\">\n      <div class=\"background-layer background-layer-media-container-lg\">\n        <!---->\n        <div class=\"overlay-layer\">\n          <div class=\"overlay-image-layer\" style=\"background-image: linear-gradient(90deg, rgb(0, 90, 181) 40%, rgb(248, 249, 250) 0%);\"><\/div>\n        <\/div>\n      <\/div>\n      <div class=\"background-layer background-layer-media-container-md\">\n        <!---->\n        <div class=\"overlay-layer\">\n          <div class=\"overlay-image-layer\" style=\"background-image: linear-gradient(90deg, rgb(0, 90, 181) 40%, rgb(248, 249, 250) 0%);\"><\/div>\n        <\/div>\n      <\/div>\n      <div class=\"background-layer background-layer-media-container\">\n        <!---->\n        <div class=\"overlay-layer\">\n          <div class=\"overlay-image-layer\" style=\"background-image: linear-gradient(90deg, rgb(0, 90, 181) 40%, rgb(248, 249, 250) 0%);\"><\/div>\n        <\/div>\n      <\/div>\n    <\/div>\n    <!---->\n    <div class=\"h-section-grid-container h-section-boxed-container\">\n      <!---->\n      <div data-colibri-id=\"2942-c15\" class=\"h-row-container gutters-row-lg-2 gutters-row-md-2 gutters-row-2 gutters-row-v-lg-2 gutters-row-v-md-2 gutters-row-v-2 style-1028 style-local-2942-c15 position-relative\">\n        <!---->\n        <div class=\"h-row justify-content-lg-center justify-content-md-center justify-content-center align-items-lg-stretch align-items-md-stretch align-items-stretch gutters-col-lg-2 gutters-col-md-2 gutters-col-2 gutters-col-v-lg-2 gutters-col-v-md-2 gutters-col-v-2\">\n          <!---->\n          <div class=\"h-column h-column-container d-flex h-col-lg-auto h-col-md-auto h-col-auto style-1029-outer style-local-2942-c16-outer\">\n            <div data-colibri-id=\"2942-c16\" class=\"d-flex h-flex-basis h-column__inner h-ui-empty-state-container h-px-lg-0 h-px-md-0 h-px-0 v-inner-lg-0 v-inner-md-0 v-inner-0 style-1029 style-local-2942-c16 position-relative\">\n              <!---->\n              <!---->\n              <div class=\"w-100 h-y-container h-column__content h-column__v-align flex-basis-100\">\n                <!---->\n              <\/div>\n            <\/div>\n          <\/div>\n          <div class=\"h-column h-column-container d-flex h-col-lg-auto h-col-md-auto h-col-auto style-1030-outer style-local-2942-c17-outer\">\n            <div data-colibri-id=\"2942-c17\" class=\"d-flex h-flex-basis h-column__inner h-px-lg-0 h-px-md-0 h-px-0 v-inner-lg-0 v-inner-md-0 v-inner-0 style-1030 style-local-2942-c17 position-relative\">\n              <!---->\n              <!---->\n              <div class=\"w-100 h-y-container h-column__content h-column__v-align flex-basis-100 align-self-lg-center align-self-md-center align-self-center\">\n                <!---->\n                <div data-colibri-component=\"content-swap\" data-colibri-id=\"2942-c18\" class=\"content-swap style-1031 style-local-2942-c18 h-overflow-hidden position-relative h-element\">\n                  <!---->\n                  <div class=\"d-flex position-relative border-radius-inherit h-content-swap__overflow\">\n                    <div data-normal=\"\" data-colibri-id=\"2942-c19\" class=\"h-content-swap__normal d-flex border-radius-inherit hide-animation style-1032 style-local-2942-c19 position-relative\">\n                      <!---->\n                      <div class=\"w-100 h-y-container align-self-lg-center align-self-md-center align-self-center\">\n                        <!---->\n                        <div data-colibri-id=\"2942-c20\" class=\"h-icon style-1033 style-local-2942-c20 position-relative h-element\">\n                          <!----><span class=\"h-svg-icon h-icon__icon style-1033-icon style-local-2942-c20-icon\"><!--Icon by Ionicons (https:\/\/ionicons.com)--><svg version=\"1.1\" xmlns=\"http:\/\/www.w3.org\/2000\/svg\" xmlns:xlink=\"http:\/\/www.w3.org\/1999\/xlink\" id=\"tshirt\" viewBox=\"0 0 448 512\"><path d=\"M448 96l-32 88-64-8 16 288H80l16-288-64 8L0 96l160-48c14 27 31 39 64 40 33 0 50-13 64-40z\"><\/path><\/svg><\/span><\/div>\n                        <div\n                          data-colibri-id=\"2942-c21\" class=\"h-global-transition-all h-heading style-1034 style-local-2942-c21 position-relative h-element\">\n                          <!---->\n                          <div class=\"h-heading__outer style-1034 style-local-2942-c21\">\n                            <!---->\n                            <!---->\n                            <h4 class=\"\">Punhos para uniformes<\/h4>\n                          <\/div>\n                      <\/div>\n                      <div data-colibri-id=\"2942-c22\" class=\"h-divider style-1035 style-local-2942-c22 position-relative h-element\">\n                        <!----><span class=\"h-divider__line style-1035-line style-local-2942-c22-line style-1035-line style-local-2942-c22-line\"><\/span><\/div>\n                      <div data-colibri-id=\"2942-c23\" class=\"h-text h-text-component style-1036 style-local-2942-c23 position-relative h-element\">\n                        <!---->\n                        <!---->\n                        <div class=\"\">\n                          <p>Os detalhes fazem o uniforme. Pensando nisso, desenvolvemos punhos confort\u00e1veis e resistentes, que oferecem praticidade ao vestir e valorizam o design da pe\u00e7a. Cada punho \u00e9 projetado para atender \u00e0s necessidades de diferentes\n                            segmentos: escolar, profissional, esportivo ou industrial.<\/p>\n                        <\/div>\n                      <\/div>\n                    <\/div>\n                  <\/div>\n                  <div data-hover=\"\" data-colibri-component=\"link\" data-href=\"\" data-colibri-id=\"2942-c24\" class=\"h-content-swap-hover-container animated h-content-swap__hover d-flex border-radius-inherit slideInRight justify-content-lg-center justify-content-md-center justify-content-center style-1037 style-local-2942-c24 position-relative\"\n                    style=\"display: none;\">\n                    <!---->\n                    <div class=\"w-100 h-y-container align-self-lg-center align-self-md-center align-self-center\">\n                      <!---->\n                      <div data-colibri-id=\"2942-c25\" class=\"h-row-container gutters-row-lg-0 gutters-row-md-0 gutters-row-2 gutters-row-v-lg-0 gutters-row-v-md-0 gutters-row-v-2 style-1038 style-local-2942-c25 position-relative\">\n                        <!---->\n                        <div class=\"h-row justify-content-lg-center justify-content-md-center justify-content-center align-items-lg-stretch align-items-md-stretch align-items-stretch gutters-col-lg-0 gutters-col-md-0 gutters-col-2 gutters-col-v-lg-0 gutters-col-v-md-0 gutters-col-v-2\">\n                          <!---->\n                          <div class=\"h-column h-column-container d-flex h-col-lg-auto h-col-md-auto h-col-auto style-1039-outer style-local-2942-c26-outer h-hide-sm\">\n                            <div data-colibri-id=\"2942-c26\" class=\"d-flex h-flex-basis h-column__inner h-px-lg-2 h-px-md-2 h-px-2 v-inner-lg-0 v-inner-md-0 v-inner-2 style-1039 style-local-2942-c26 h-hide-sm position-relative\">\n                              <!---->\n                              <!---->\n                              <div class=\"w-100 h-y-container h-column__content h-column__v-align flex-basis-auto align-self-lg-center align-self-md-center align-self-center\">\n                                <!---->\n                                <div data-colibri-id=\"2942-c27\" class=\"h-icon style-1040 style-local-2942-c27 position-relative h-element\">\n                                  <!---->\n                                  <a href=\"#\" h-use-smooth-scroll=\"true\"><span class=\"h-svg-icon h-icon__icon style-1040-icon style-local-2942-c27-icon\"><!--Icon by Icons8 Line Awesome (https:\/\/icons8.com\/line-awesome)--><svg version=\"1.1\" xmlns=\"http:\/\/www.w3.org\/2000\/svg\" xmlns:xlink=\"http:\/\/www.w3.org\/1999\/xlink\" id=\"long-arrow-left\" viewBox=\"0 0 512 545.5\"><path d=\"M173 180.5l22.5 23L127 272h321v32H127l68.5 68.5-22.5 23-96-96L65.5 288 77 276.5z\"><\/path><\/svg><\/span><\/a>\n                                <\/div>\n                              <\/div>\n                            <\/div>\n                          <\/div>\n                          <div class=\"h-column h-column-container d-flex h-col-lg h-col-md h-col-auto style-1041-outer style-local-2942-c28-outer\">\n                            <div data-colibri-id=\"2942-c28\" class=\"d-flex h-flex-basis h-column__inner h-ui-empty-state-container h-px-lg-0 h-px-md-0 h-px-0 v-inner-lg-0 v-inner-md-0 v-inner-0 style-1041 style-local-2942-c28 position-relative\">\n                              <!---->\n                              <!---->\n                              <div class=\"w-100 h-y-container h-column__content h-column__v-align flex-basis-100\">\n                                <!---->\n                              <\/div>\n                            <\/div>\n                          <\/div>\n                        <\/div>\n                      <\/div>\n                    <\/div>\n                  <\/div>\n                <\/div>\n              <\/div>\n            <\/div>\n          <\/div>\n        <\/div>\n      <\/div>\n    <\/div>\n  <\/div>\n<\/div>\n<div data-colibri-component=\"section\" data-colibri-id=\"2942-c2\" id=\"punho-braco\" class=\"h-section h-section-global-spacing d-flex align-items-lg-center align-items-md-center align-items-center style-1002 style-local-2942-c2 position-relative\">\n  <!---->\n  <!---->\n  <div class=\"h-section-grid-container h-section-boxed-container\">\n    <!---->\n    <div data-colibri-id=\"2942-c3\" class=\"h-row-container gutters-row-lg-0 gutters-row-md-0 gutters-row-0 gutters-row-v-lg-0 gutters-row-v-md-0 gutters-row-v-0 style-1003 style-local-2942-c3 position-relative\">\n      <!---->\n      <div class=\"h-row justify-content-lg-center justify-content-md-center justify-content-center align-items-lg-stretch align-items-md-stretch align-items-stretch gutters-col-lg-0 gutters-col-md-0 gutters-col-0 gutters-col-v-lg-0 gutters-col-v-md-0 gutters-col-v-0\">\n        <!---->\n        <div class=\"h-column h-column-container d-flex h-col-lg-auto h-col-md-auto h-col-auto style-1004-outer style-local-2942-c4-outer\">\n          <div data-colibri-id=\"2942-c4\" class=\"d-flex h-flex-basis h-column__inner h-ui-empty-state-container h-px-lg-0 h-px-md-0 h-px-0 v-inner-lg-0 v-inner-md-0 v-inner-0 style-1004 style-local-2942-c4 position-relative\">\n            <!---->\n            <!---->\n            <div class=\"w-100 h-y-container h-column__content h-column__v-align flex-basis-100\">\n              <!---->\n            <\/div>\n          <\/div>\n        <\/div>\n        <div class=\"h-column h-column-container d-flex h-col-lg-auto h-col-md-auto h-col-auto style-1005-outer style-local-2942-c5-outer\">\n          <div data-colibri-id=\"2942-c5\" class=\"d-flex h-flex-basis h-column__inner h-px-lg-2 h-px-md-2 h-px-2 v-inner-lg-2 v-inner-md-2 v-inner-2 style-1005 style-local-2942-c5 position-relative\">\n            <!---->\n            <!---->\n            <div class=\"w-100 h-y-container h-column__content h-column__v-align flex-basis-100 align-self-lg-start align-self-md-start align-self-start\">\n              <!---->\n              <div data-colibri-id=\"2942-c6\" class=\"h-global-transition-all h-heading style-1007 style-local-2942-c6 position-relative h-element\">\n                <!---->\n                <div class=\"h-heading__outer style-1007 style-local-2942-c6\">\n                  <!---->\n                  <!---->\n                  <h2 class=\"\">Punho Cristal para bra\u00e7o<\/h2>\n                <\/div>\n              <\/div>\n              <div data-colibri-id=\"2942-c7\" class=\"h-text h-text-component style-1008 style-local-2942-c7 position-relative h-element\">\n                <!---->\n                <!---->\n                <div class=\"\">\n                  <p><span style=\"font-weight: 700;\">COMPOSI\u00c7\u00c3O<\/span>: 100% Poli\u00e9ster<\/p>\n                  <p><strong style=\"font-weight: 700;\">ESPECIFICA\u00c7\u00d5ES T\u00c9CNICAS<br><\/strong><\/p>\n                  <p>Cores: Branco, azul royal, azul beb\u00ea, grafite verde, preto e etc.<\/p>\n                  <p>Rendimento: 55 Punhos.Kg<\/p>\n                  <p>Largura: 7,5 cm<\/p>\n                <\/div>\n              <\/div>\n            <\/div>\n          <\/div>\n        <\/div>\n      <\/div>\n    <\/div>\n  <\/div>\n<\/div>\n<div data-colibri-component=\"section\" data-colibri-id=\"2942-c8\" id=\"punho-perna\" class=\"h-section h-section-global-spacing d-flex align-items-lg-center align-items-md-center align-items-center style-1002 style-local-2942-c8 position-relative\">\n  <!---->\n  <!---->\n  <div class=\"h-section-grid-container h-section-boxed-container\">\n    <!---->\n    <div data-colibri-id=\"2942-c9\" class=\"h-row-container gutters-row-lg-0 gutters-row-md-0 gutters-row-0 gutters-row-v-lg-0 gutters-row-v-md-0 gutters-row-v-0 style-1003 style-local-2942-c9 position-relative\">\n      <!---->\n      <div class=\"h-row justify-content-lg-center justify-content-md-center justify-content-center align-items-lg-stretch align-items-md-stretch align-items-stretch gutters-col-lg-0 gutters-col-md-0 gutters-col-0 gutters-col-v-lg-0 gutters-col-v-md-0 gutters-col-v-0\">\n        <!---->\n        <div class=\"h-column h-column-container d-flex h-col-lg-auto h-col-md-auto h-col-auto style-1017-outer style-local-2942-c10-outer\">\n          <div data-colibri-id=\"2942-c10\" class=\"d-flex h-flex-basis h-column__inner h-ui-empty-state-container h-px-lg-0 h-px-md-0 h-px-0 v-inner-lg-0 v-inner-md-0 v-inner-0 style-1017 style-local-2942-c10 position-relative\">\n            <!---->\n            <!---->\n            <div class=\"w-100 h-y-container h-column__content h-column__v-align flex-basis-100\">\n              <!---->\n            <\/div>\n          <\/div>\n        <\/div>\n        <div class=\"h-column h-column-container d-flex h-col-lg-auto h-col-md-auto h-col-auto style-1005-outer style-local-2942-c11-outer\">\n          <div data-colibri-id=\"2942-c11\" class=\"d-flex h-flex-basis h-column__inner h-px-lg-2 h-px-md-2 h-px-2 v-inner-lg-2 v-inner-md-2 v-inner-2 style-1005 style-local-2942-c11 position-relative\">\n            <!---->\n            <!---->\n            <div class=\"w-100 h-y-container h-column__content h-column__v-align flex-basis-100 align-self-lg-start align-self-md-start align-self-start\">\n              <!---->\n              <div data-colibri-id=\"2942-c12\" class=\"h-global-transition-all h-heading style-1007 style-local-2942-c12 position-relative h-element\">\n                <!---->\n                <div class=\"h-heading__outer style-1007 style-local-2942-c12\">\n                  <!---->\n                  <!---->\n                  <h2 class=\"\">Punho Cristal para perna<\/h2>\n                <\/div>\n              <\/div>\n              <div data-colibri-id=\"2942-c13\" class=\"h-text h-text-component style-1008 style-local-2942-c13 position-relative h-element\">\n                <!---->\n                <!---->\n                <div class=\"\">\n                  <p><strong style=\"font-weight: 700;\">COMPOSI\u00c7\u00c3O<\/strong>: 100% Poli\u00e9ster<\/p>\n                  <p><strong style=\"font-weight: 700;\">ESPECIFICA\u00c7\u00d5ES T\u00c9CNICAS<br><\/strong><\/p>\n                  <p>Cores: Branco, azul royal, azul beb\u00ea, grafite verde, preto e etc.<\/p>\n                  <p>Rendimento: 55 Punhos.Kg<\/p>\n                  <p>Largura: 10,5 cm<\/p>\n                <\/div>\n              <\/div>\n            <\/div>\n          <\/div>\n        <\/div>\n      <\/div>\n    <\/div>\n  <\/div>\n<\/div>\n<\/div>","protected":false},"excerpt":{"rendered":"<p>Punhos para uniformes Os detalhes fazem o uniforme. Pensando nisso, desenvolvemos punhos confort\u00e1veis e resistentes, que oferecem praticidade ao vestir e valorizam o design da pe\u00e7a. Cada punho \u00e9 projetado para atender \u00e0s necessidades de diferentes segmentos: escolar, profissional, esportivo ou industrial. Punho Cristal para bra\u00e7o COMPOSI\u00c7\u00c3O: 100% Poli\u00e9ster ESPECIFICA\u00c7\u00d5ES T\u00c9CNICAS Cores: Branco, azul royal, [&hellip;]<\/p>\n","protected":false},"author":1,"featured_media":0,"parent":0,"menu_order":0,"comment_status":"closed","ping_status":"closed","template":"page-templates\/full-width-page.php","meta":{"footnotes":""},"class_list":["post-2942","page","type-page","status-publish","hentry"],"yoast_head":"<!-- This site is optimized with the Yoast SEO plugin v27.4 - https:\/\/yoast.com\/product\/yoast-seo-wordpress\/ -->\n<title>Punhos para uniforme - Cristal Textil Industrial<\/title>\n<meta name=\"description\" content=\"Os detalhes fazem o uniforme, pensando nisso, desenvolvemos punhos confort\u00e1veis e resistentes, que oferecem praticidade ao vestir e valorizam\" \/>\n<meta name=\"robots\" content=\"index, follow, max-snippet:-1, max-image-preview:large, max-video-preview:-1\" \/>\n<link rel=\"canonical\" href=\"https:\/\/industriacristal.com.br\/?page_id=2942\" \/>\n<meta property=\"og:locale\" content=\"pt_BR\" \/>\n<meta property=\"og:type\" content=\"article\" \/>\n<meta property=\"og:title\" content=\"Punhos para uniforme - Cristal Textil Industrial\" \/>\n<meta property=\"og:description\" content=\"Os detalhes fazem o uniforme, pensando nisso, desenvolvemos punhos confort\u00e1veis e resistentes, que oferecem praticidade ao vestir e valorizam\" \/>\n<meta property=\"og:url\" content=\"https:\/\/industriacristal.com.br\/?page_id=2942\" \/>\n<meta property=\"og:site_name\" content=\"Cristal Textil Industrial\" \/>\n<meta property=\"article:modified_time\" content=\"2025-09-12T18:53:52+00:00\" \/>\n<meta name=\"twitter:card\" content=\"summary_large_image\" \/>\n<meta name=\"twitter:label1\" content=\"Est. tempo de leitura\" \/>\n\t<meta name=\"twitter:data1\" content=\"1 minuto\" \/>\n<script type=\"application\/ld+json\" class=\"yoast-schema-graph\">{\"@context\":\"https:\\\/\\\/schema.org\",\"@graph\":[{\"@type\":\"WebPage\",\"@id\":\"https:\\\/\\\/industriacristal.com.br\\\/?page_id=2942\",\"url\":\"https:\\\/\\\/industriacristal.com.br\\\/?page_id=2942\",\"name\":\"Punhos para uniforme - Cristal Textil Industrial\",\"isPartOf\":{\"@id\":\"https:\\\/\\\/industriacristal.com.br\\\/#website\"},\"datePublished\":\"2025-09-12T13:18:58+00:00\",\"dateModified\":\"2025-09-12T18:53:52+00:00\",\"description\":\"Os detalhes fazem o uniforme, pensando nisso, desenvolvemos punhos confort\u00e1veis e resistentes, que oferecem praticidade ao vestir e valorizam\",\"breadcrumb\":{\"@id\":\"https:\\\/\\\/industriacristal.com.br\\\/?page_id=2942#breadcrumb\"},\"inLanguage\":\"pt-BR\",\"potentialAction\":[{\"@type\":\"ReadAction\",\"target\":[\"https:\\\/\\\/industriacristal.com.br\\\/?page_id=2942\"]}]},{\"@type\":\"BreadcrumbList\",\"@id\":\"https:\\\/\\\/industriacristal.com.br\\\/?page_id=2942#breadcrumb\",\"itemListElement\":[{\"@type\":\"ListItem\",\"position\":1,\"name\":\"In\u00edcio\",\"item\":\"https:\\\/\\\/industriacristal.com.br\\\/\"},{\"@type\":\"ListItem\",\"position\":2,\"name\":\"Punhos para uniforme\"}]},{\"@type\":\"WebSite\",\"@id\":\"https:\\\/\\\/industriacristal.com.br\\\/#website\",\"url\":\"https:\\\/\\\/industriacristal.com.br\\\/\",\"name\":\"Cristal Textil Industrial\",\"description\":\"Fabricantes de produtos desde 1946\",\"publisher\":{\"@id\":\"https:\\\/\\\/industriacristal.com.br\\\/#organization\"},\"potentialAction\":[{\"@type\":\"SearchAction\",\"target\":{\"@type\":\"EntryPoint\",\"urlTemplate\":\"https:\\\/\\\/industriacristal.com.br\\\/?s={search_term_string}\"},\"query-input\":{\"@type\":\"PropertyValueSpecification\",\"valueRequired\":true,\"valueName\":\"search_term_string\"}}],\"inLanguage\":\"pt-BR\"},{\"@type\":\"Organization\",\"@id\":\"https:\\\/\\\/industriacristal.com.br\\\/#organization\",\"name\":\"Cristal Textil Industrial\",\"url\":\"https:\\\/\\\/industriacristal.com.br\\\/\",\"logo\":{\"@type\":\"ImageObject\",\"inLanguage\":\"pt-BR\",\"@id\":\"https:\\\/\\\/industriacristal.com.br\\\/#\\\/schema\\\/logo\\\/image\\\/\",\"url\":\"https:\\\/\\\/industriacristal.com.br\\\/wp-content\\\/uploads\\\/2022\\\/10\\\/logo-cristal.png\",\"contentUrl\":\"https:\\\/\\\/industriacristal.com.br\\\/wp-content\\\/uploads\\\/2022\\\/10\\\/logo-cristal.png\",\"width\":800,\"height\":800,\"caption\":\"Cristal Textil Industrial\"},\"image\":{\"@id\":\"https:\\\/\\\/industriacristal.com.br\\\/#\\\/schema\\\/logo\\\/image\\\/\"}}]}<\/script>\n<!-- \/ Yoast SEO plugin. -->","yoast_head_json":{"title":"Punhos para uniforme - Cristal Textil Industrial","description":"Os detalhes fazem o uniforme, pensando nisso, desenvolvemos punhos confort\u00e1veis e resistentes, que oferecem praticidade ao vestir e valorizam","robots":{"index":"index","follow":"follow","max-snippet":"max-snippet:-1","max-image-preview":"max-image-preview:large","max-video-preview":"max-video-preview:-1"},"canonical":"https:\/\/industriacristal.com.br\/?page_id=2942","og_locale":"pt_BR","og_type":"article","og_title":"Punhos para uniforme - Cristal Textil Industrial","og_description":"Os detalhes fazem o uniforme, pensando nisso, desenvolvemos punhos confort\u00e1veis e resistentes, que oferecem praticidade ao vestir e valorizam","og_url":"https:\/\/industriacristal.com.br\/?page_id=2942","og_site_name":"Cristal Textil Industrial","article_modified_time":"2025-09-12T18:53:52+00:00","twitter_card":"summary_large_image","twitter_misc":{"Est. tempo de leitura":"1 minuto"},"schema":{"@context":"https:\/\/schema.org","@graph":[{"@type":"WebPage","@id":"https:\/\/industriacristal.com.br\/?page_id=2942","url":"https:\/\/industriacristal.com.br\/?page_id=2942","name":"Punhos para uniforme - Cristal Textil Industrial","isPartOf":{"@id":"https:\/\/industriacristal.com.br\/#website"},"datePublished":"2025-09-12T13:18:58+00:00","dateModified":"2025-09-12T18:53:52+00:00","description":"Os detalhes fazem o uniforme, pensando nisso, desenvolvemos punhos confort\u00e1veis e resistentes, que oferecem praticidade ao vestir e valorizam","breadcrumb":{"@id":"https:\/\/industriacristal.com.br\/?page_id=2942#breadcrumb"},"inLanguage":"pt-BR","potentialAction":[{"@type":"ReadAction","target":["https:\/\/industriacristal.com.br\/?page_id=2942"]}]},{"@type":"BreadcrumbList","@id":"https:\/\/industriacristal.com.br\/?page_id=2942#breadcrumb","itemListElement":[{"@type":"ListItem","position":1,"name":"In\u00edcio","item":"https:\/\/industriacristal.com.br\/"},{"@type":"ListItem","position":2,"name":"Punhos para uniforme"}]},{"@type":"WebSite","@id":"https:\/\/industriacristal.com.br\/#website","url":"https:\/\/industriacristal.com.br\/","name":"Cristal Textil Industrial","description":"Fabricantes de produtos desde 1946","publisher":{"@id":"https:\/\/industriacristal.com.br\/#organization"},"potentialAction":[{"@type":"SearchAction","target":{"@type":"EntryPoint","urlTemplate":"https:\/\/industriacristal.com.br\/?s={search_term_string}"},"query-input":{"@type":"PropertyValueSpecification","valueRequired":true,"valueName":"search_term_string"}}],"inLanguage":"pt-BR"},{"@type":"Organization","@id":"https:\/\/industriacristal.com.br\/#organization","name":"Cristal Textil Industrial","url":"https:\/\/industriacristal.com.br\/","logo":{"@type":"ImageObject","inLanguage":"pt-BR","@id":"https:\/\/industriacristal.com.br\/#\/schema\/logo\/image\/","url":"https:\/\/industriacristal.com.br\/wp-content\/uploads\/2022\/10\/logo-cristal.png","contentUrl":"https:\/\/industriacristal.com.br\/wp-content\/uploads\/2022\/10\/logo-cristal.png","width":800,"height":800,"caption":"Cristal Textil Industrial"},"image":{"@id":"https:\/\/industriacristal.com.br\/#\/schema\/logo\/image\/"}}]}},"_links":{"self":[{"href":"https:\/\/industriacristal.com.br\/index.php?rest_route=\/wp\/v2\/pages\/2942","targetHints":{"allow":["GET"]}}],"collection":[{"href":"https:\/\/industriacristal.com.br\/index.php?rest_route=\/wp\/v2\/pages"}],"about":[{"href":"https:\/\/industriacristal.com.br\/index.php?rest_route=\/wp\/v2\/types\/page"}],"author":[{"embeddable":true,"href":"https:\/\/industriacristal.com.br\/index.php?rest_route=\/wp\/v2\/users\/1"}],"replies":[{"embeddable":true,"href":"https:\/\/industriacristal.com.br\/index.php?rest_route=%2Fwp%2Fv2%2Fcomments&post=2942"}],"version-history":[{"count":5,"href":"https:\/\/industriacristal.com.br\/index.php?rest_route=\/wp\/v2\/pages\/2942\/revisions"}],"predecessor-version":[{"id":3014,"href":"https:\/\/industriacristal.com.br\/index.php?rest_route=\/wp\/v2\/pages\/2942\/revisions\/3014"}],"wp:attachment":[{"href":"https:\/\/industriacristal.com.br\/index.php?rest_route=%2Fwp%2Fv2%2Fmedia&parent=2942"}],"curies":[{"name":"wp","href":"https:\/\/api.w.org\/{rel}","templated":true}]}}