{"id":2952,"date":"2025-09-12T11:38:28","date_gmt":"2025-09-12T14:38:28","guid":{"rendered":"https:\/\/industriacristal.com.br\/?page_id=2952"},"modified":"2025-09-16T20:08:55","modified_gmt":"2025-09-16T23:08:55","slug":"cabeceado-reforco-livros","status":"publish","type":"page","link":"https:\/\/industriacristal.com.br\/?page_id=2952","title":{"rendered":"Fitas para cabeceado"},"content":{"rendered":"<div data-colibri-id=\"2952-c1\" class=\"style-1009 style-local-2952-c1 position-relative\">\n  <!---->\n  <div data-colibri-component=\"section\" data-colibri-id=\"2952-c2\" id=\"about\" class=\"h-section h-section-global-spacing d-flex align-items-lg-center align-items-md-center align-items-center style-1010 style-local-2952-c2 position-relative\">\n    <!---->\n    <!---->\n    <div class=\"h-section-grid-container h-section-boxed-container\">\n      <!---->\n      <div data-colibri-id=\"2952-c3\" class=\"h-row-container gutters-row-lg-0 gutters-row-md-0 gutters-row-0 gutters-row-v-lg-0 gutters-row-v-md-0 gutters-row-v-0 style-1011 style-local-2952-c3 position-relative\">\n        <!---->\n        <div class=\"h-row justify-content-lg-center justify-content-md-center justify-content-center align-items-lg-stretch align-items-md-stretch align-items-stretch gutters-col-lg-0 gutters-col-md-0 gutters-col-0 gutters-col-v-lg-0 gutters-col-v-md-0 gutters-col-v-0\">\n          <!---->\n          <div class=\"h-column h-column-container d-flex h-col-lg-auto h-col-md-auto h-col-auto style-1012-outer style-local-2952-c4-outer\">\n            <div data-colibri-id=\"2952-c4\" class=\"d-flex h-flex-basis h-column__inner h-ui-empty-state-container h-px-lg-0 h-px-md-0 h-px-0 v-inner-lg-0 v-inner-md-0 v-inner-0 style-1012 style-local-2952-c4 position-relative\">\n              <!---->\n              <!---->\n              <div class=\"w-100 h-y-container h-column__content h-column__v-align flex-basis-100\">\n                <!---->\n              <\/div>\n            <\/div>\n          <\/div>\n          <div class=\"h-column h-column-container d-flex h-col-lg-auto h-col-md-auto h-col-auto style-1013-outer style-local-2952-c5-outer\">\n            <div data-colibri-id=\"2952-c5\" class=\"d-flex h-flex-basis h-column__inner h-px-lg-2 h-px-md-2 h-px-2 v-inner-lg-2 v-inner-md-2 v-inner-2 style-1013 style-local-2952-c5 position-relative\">\n              <!---->\n              <!---->\n              <div class=\"w-100 h-y-container h-column__content h-column__v-align flex-basis-100 align-self-lg-start align-self-md-start align-self-start\">\n                <!---->\n                <div data-colibri-id=\"2952-c6\" class=\"h-global-transition-all h-heading style-1014 style-local-2952-c6 position-relative h-element\">\n                  <!---->\n                  <div class=\"h-heading__outer style-1014 style-local-2952-c6\">\n                    <!---->\n                    <!---->\n                    <h4 class=\"\">Cristal<\/h4>\n                  <\/div>\n                <\/div>\n                <div data-colibri-id=\"2952-c7\" class=\"h-global-transition-all h-heading style-1015 style-local-2952-c7 position-relative h-element\">\n                  <!---->\n                  <div class=\"h-heading__outer style-1015 style-local-2952-c7\">\n                    <!---->\n                    <!---->\n                    <h2 class=\"\">Fitas para cabeceado<\/h2>\n                  <\/div>\n                <\/div>\n                <div data-colibri-id=\"2952-c8\" class=\"h-text h-text-component style-1016 style-local-2952-c8 position-relative h-element\">\n                  <!---->\n                  <!---->\n                  <div class=\"\">\n                    <p>O cabeceado \u00e9 usado na encaderna\u00e7\u00e3o, exatamente na cabe\u00e7a e p\u00e9 da lombada do miolo de livros, livros fiscais, b\u00edblias, cadernos e agendas.<\/p>\n                    <p><span style=\"font-weight: 700;\">Composi\u00e7\u00e3o<\/span>: Fios 97% algod\u00e3o e 3% poli\u00e9ster, possibilita um excelente acabamento \u00e0s encaderna\u00e7\u00f5es.<\/p>\n                    <p><strong style=\"font-weight: 700;\">Aplica\u00e7\u00e3o<\/strong>: Setor Editorial; Livros e cadernos de capa dura, b\u00edblias, agendas e livros fiscais.<\/p>\n                    <p><strong style=\"font-weight: 700;\">Disponibilidade<\/strong>: Carret\u00e9is de 100 e 250 metros.<\/p>\n                  <\/div>\n                <\/div>\n              <\/div>\n            <\/div>\n          <\/div>\n        <\/div>\n      <\/div>\n    <\/div>\n  <\/div>\n<\/div>","protected":false},"excerpt":{"rendered":"<p>Cristal Fitas para cabeceado O cabeceado \u00e9 usado na encaderna\u00e7\u00e3o, exatamente na cabe\u00e7a e p\u00e9 da lombada do miolo de livros, livros fiscais, b\u00edblias, cadernos e agendas. Composi\u00e7\u00e3o: Fios 97% algod\u00e3o e 3% poli\u00e9ster, possibilita um excelente acabamento \u00e0s encaderna\u00e7\u00f5es. Aplica\u00e7\u00e3o: Setor Editorial; Livros e cadernos de capa dura, b\u00edblias, agendas e livros fiscais. Disponibilidade: [&hellip;]<\/p>\n","protected":false},"author":1,"featured_media":0,"parent":0,"menu_order":0,"comment_status":"closed","ping_status":"closed","template":"page-templates\/full-width-page.php","meta":{"footnotes":""},"class_list":["post-2952","page","type-page","status-publish","hentry"],"yoast_head":"<!-- This site is optimized with the Yoast SEO plugin v27.4 - https:\/\/yoast.com\/product\/yoast-seo-wordpress\/ -->\n<title>Fitas para cabeceado refor\u00e7o de livros - Cristal Textil Industrial<\/title>\n<meta name=\"description\" content=\"O cabeceado \u00e9 usado na encaderna\u00e7\u00e3o, exatamente na cabe\u00e7a e p\u00e9 da lombada do miolo de livros, livros fiscais, b\u00edblias, cadernos e agendas.\" \/>\n<meta name=\"robots\" content=\"index, follow, max-snippet:-1, max-image-preview:large, max-video-preview:-1\" \/>\n<link rel=\"canonical\" href=\"https:\/\/industriacristal.com.br\/?page_id=2952\" \/>\n<meta property=\"og:locale\" content=\"pt_BR\" \/>\n<meta property=\"og:type\" content=\"article\" \/>\n<meta property=\"og:title\" content=\"Fitas para cabeceado refor\u00e7o de livros - Cristal Textil Industrial\" \/>\n<meta property=\"og:description\" content=\"O cabeceado \u00e9 usado na encaderna\u00e7\u00e3o, exatamente na cabe\u00e7a e p\u00e9 da lombada do miolo de livros, livros fiscais, b\u00edblias, cadernos e agendas.\" \/>\n<meta property=\"og:url\" content=\"https:\/\/industriacristal.com.br\/?page_id=2952\" \/>\n<meta property=\"og:site_name\" content=\"Cristal Textil Industrial\" \/>\n<meta property=\"article:modified_time\" content=\"2025-09-16T23:08:55+00:00\" \/>\n<meta name=\"twitter:card\" content=\"summary_large_image\" \/>\n<meta name=\"twitter:label1\" content=\"Est. tempo de leitura\" \/>\n\t<meta name=\"twitter:data1\" content=\"1 minuto\" \/>\n<script type=\"application\/ld+json\" class=\"yoast-schema-graph\">{\"@context\":\"https:\\\/\\\/schema.org\",\"@graph\":[{\"@type\":\"WebPage\",\"@id\":\"https:\\\/\\\/industriacristal.com.br\\\/?page_id=2952\",\"url\":\"https:\\\/\\\/industriacristal.com.br\\\/?page_id=2952\",\"name\":\"Fitas para cabeceado refor\u00e7o de livros - Cristal Textil Industrial\",\"isPartOf\":{\"@id\":\"https:\\\/\\\/industriacristal.com.br\\\/#website\"},\"datePublished\":\"2025-09-12T14:38:28+00:00\",\"dateModified\":\"2025-09-16T23:08:55+00:00\",\"description\":\"O cabeceado \u00e9 usado na encaderna\u00e7\u00e3o, exatamente na cabe\u00e7a e p\u00e9 da lombada do miolo de livros, livros fiscais, b\u00edblias, cadernos e agendas.\",\"breadcrumb\":{\"@id\":\"https:\\\/\\\/industriacristal.com.br\\\/?page_id=2952#breadcrumb\"},\"inLanguage\":\"pt-BR\",\"potentialAction\":[{\"@type\":\"ReadAction\",\"target\":[\"https:\\\/\\\/industriacristal.com.br\\\/?page_id=2952\"]}]},{\"@type\":\"BreadcrumbList\",\"@id\":\"https:\\\/\\\/industriacristal.com.br\\\/?page_id=2952#breadcrumb\",\"itemListElement\":[{\"@type\":\"ListItem\",\"position\":1,\"name\":\"In\u00edcio\",\"item\":\"https:\\\/\\\/industriacristal.com.br\\\/\"},{\"@type\":\"ListItem\",\"position\":2,\"name\":\"Fitas para cabeceado\"}]},{\"@type\":\"WebSite\",\"@id\":\"https:\\\/\\\/industriacristal.com.br\\\/#website\",\"url\":\"https:\\\/\\\/industriacristal.com.br\\\/\",\"name\":\"Cristal Textil Industrial\",\"description\":\"Fabricantes de produtos desde 1946\",\"publisher\":{\"@id\":\"https:\\\/\\\/industriacristal.com.br\\\/#organization\"},\"potentialAction\":[{\"@type\":\"SearchAction\",\"target\":{\"@type\":\"EntryPoint\",\"urlTemplate\":\"https:\\\/\\\/industriacristal.com.br\\\/?s={search_term_string}\"},\"query-input\":{\"@type\":\"PropertyValueSpecification\",\"valueRequired\":true,\"valueName\":\"search_term_string\"}}],\"inLanguage\":\"pt-BR\"},{\"@type\":\"Organization\",\"@id\":\"https:\\\/\\\/industriacristal.com.br\\\/#organization\",\"name\":\"Cristal Textil Industrial\",\"url\":\"https:\\\/\\\/industriacristal.com.br\\\/\",\"logo\":{\"@type\":\"ImageObject\",\"inLanguage\":\"pt-BR\",\"@id\":\"https:\\\/\\\/industriacristal.com.br\\\/#\\\/schema\\\/logo\\\/image\\\/\",\"url\":\"https:\\\/\\\/industriacristal.com.br\\\/wp-content\\\/uploads\\\/2022\\\/10\\\/logo-cristal.png\",\"contentUrl\":\"https:\\\/\\\/industriacristal.com.br\\\/wp-content\\\/uploads\\\/2022\\\/10\\\/logo-cristal.png\",\"width\":800,\"height\":800,\"caption\":\"Cristal Textil Industrial\"},\"image\":{\"@id\":\"https:\\\/\\\/industriacristal.com.br\\\/#\\\/schema\\\/logo\\\/image\\\/\"}}]}<\/script>\n<!-- \/ Yoast SEO plugin. -->","yoast_head_json":{"title":"Fitas para cabeceado refor\u00e7o de livros - Cristal Textil Industrial","description":"O cabeceado \u00e9 usado na encaderna\u00e7\u00e3o, exatamente na cabe\u00e7a e p\u00e9 da lombada do miolo de livros, livros fiscais, b\u00edblias, cadernos e agendas.","robots":{"index":"index","follow":"follow","max-snippet":"max-snippet:-1","max-image-preview":"max-image-preview:large","max-video-preview":"max-video-preview:-1"},"canonical":"https:\/\/industriacristal.com.br\/?page_id=2952","og_locale":"pt_BR","og_type":"article","og_title":"Fitas para cabeceado refor\u00e7o de livros - Cristal Textil Industrial","og_description":"O cabeceado \u00e9 usado na encaderna\u00e7\u00e3o, exatamente na cabe\u00e7a e p\u00e9 da lombada do miolo de livros, livros fiscais, b\u00edblias, cadernos e agendas.","og_url":"https:\/\/industriacristal.com.br\/?page_id=2952","og_site_name":"Cristal Textil Industrial","article_modified_time":"2025-09-16T23:08:55+00:00","twitter_card":"summary_large_image","twitter_misc":{"Est. tempo de leitura":"1 minuto"},"schema":{"@context":"https:\/\/schema.org","@graph":[{"@type":"WebPage","@id":"https:\/\/industriacristal.com.br\/?page_id=2952","url":"https:\/\/industriacristal.com.br\/?page_id=2952","name":"Fitas para cabeceado refor\u00e7o de livros - Cristal Textil Industrial","isPartOf":{"@id":"https:\/\/industriacristal.com.br\/#website"},"datePublished":"2025-09-12T14:38:28+00:00","dateModified":"2025-09-16T23:08:55+00:00","description":"O cabeceado \u00e9 usado na encaderna\u00e7\u00e3o, exatamente na cabe\u00e7a e p\u00e9 da lombada do miolo de livros, livros fiscais, b\u00edblias, cadernos e agendas.","breadcrumb":{"@id":"https:\/\/industriacristal.com.br\/?page_id=2952#breadcrumb"},"inLanguage":"pt-BR","potentialAction":[{"@type":"ReadAction","target":["https:\/\/industriacristal.com.br\/?page_id=2952"]}]},{"@type":"BreadcrumbList","@id":"https:\/\/industriacristal.com.br\/?page_id=2952#breadcrumb","itemListElement":[{"@type":"ListItem","position":1,"name":"In\u00edcio","item":"https:\/\/industriacristal.com.br\/"},{"@type":"ListItem","position":2,"name":"Fitas para cabeceado"}]},{"@type":"WebSite","@id":"https:\/\/industriacristal.com.br\/#website","url":"https:\/\/industriacristal.com.br\/","name":"Cristal Textil Industrial","description":"Fabricantes de produtos desde 1946","publisher":{"@id":"https:\/\/industriacristal.com.br\/#organization"},"potentialAction":[{"@type":"SearchAction","target":{"@type":"EntryPoint","urlTemplate":"https:\/\/industriacristal.com.br\/?s={search_term_string}"},"query-input":{"@type":"PropertyValueSpecification","valueRequired":true,"valueName":"search_term_string"}}],"inLanguage":"pt-BR"},{"@type":"Organization","@id":"https:\/\/industriacristal.com.br\/#organization","name":"Cristal Textil Industrial","url":"https:\/\/industriacristal.com.br\/","logo":{"@type":"ImageObject","inLanguage":"pt-BR","@id":"https:\/\/industriacristal.com.br\/#\/schema\/logo\/image\/","url":"https:\/\/industriacristal.com.br\/wp-content\/uploads\/2022\/10\/logo-cristal.png","contentUrl":"https:\/\/industriacristal.com.br\/wp-content\/uploads\/2022\/10\/logo-cristal.png","width":800,"height":800,"caption":"Cristal Textil Industrial"},"image":{"@id":"https:\/\/industriacristal.com.br\/#\/schema\/logo\/image\/"}}]}},"_links":{"self":[{"href":"https:\/\/industriacristal.com.br\/index.php?rest_route=\/wp\/v2\/pages\/2952","targetHints":{"allow":["GET"]}}],"collection":[{"href":"https:\/\/industriacristal.com.br\/index.php?rest_route=\/wp\/v2\/pages"}],"about":[{"href":"https:\/\/industriacristal.com.br\/index.php?rest_route=\/wp\/v2\/types\/page"}],"author":[{"embeddable":true,"href":"https:\/\/industriacristal.com.br\/index.php?rest_route=\/wp\/v2\/users\/1"}],"replies":[{"embeddable":true,"href":"https:\/\/industriacristal.com.br\/index.php?rest_route=%2Fwp%2Fv2%2Fcomments&post=2952"}],"version-history":[{"count":9,"href":"https:\/\/industriacristal.com.br\/index.php?rest_route=\/wp\/v2\/pages\/2952\/revisions"}],"predecessor-version":[{"id":3065,"href":"https:\/\/industriacristal.com.br\/index.php?rest_route=\/wp\/v2\/pages\/2952\/revisions\/3065"}],"wp:attachment":[{"href":"https:\/\/industriacristal.com.br\/index.php?rest_route=%2Fwp%2Fv2%2Fmedia&parent=2952"}],"curies":[{"name":"wp","href":"https:\/\/api.w.org\/{rel}","templated":true}]}}